{"id":2,"date":"2022-09-30T17:29:49","date_gmt":"2022-09-30T14:29:49","guid":{"rendered":"https:\/\/rufene.com.tr\/?page_id=2"},"modified":"2023-03-31T13:57:57","modified_gmt":"2023-03-31T10:57:57","slug":"ornek-sayfa","status":"publish","type":"page","link":"https:\/\/rufene.com.tr\/","title":{"rendered":"R\u00dcF\u00dcNE YAPI VE ENERJ\u0130"},"content":{"rendered":"\t\t<div data-elementor-type=\"wp-page\" data-elementor-id=\"2\" class=\"elementor elementor-2\">\n\t\t\t\t\t\t\t\t\t<section class=\"elementor-section elementor-top-section elementor-element elementor-element-6c84f329 elementor-section-boxed elementor-section-height-default elementor-section-height-default\" data-id=\"6c84f329\" data-element_type=\"section\">\n\t\t\t\t\t\t<div class=\"elementor-container elementor-column-gap-default\">\n\t\t\t\t\t<div class=\"elementor-column elementor-col-100 elementor-top-column elementor-element elementor-element-375a612b\" data-id=\"375a612b\" data-element_type=\"column\">\n\t\t\t<div class=\"elementor-widget-wrap elementor-element-populated\">\n\t\t\t\t\t\t\t\t<div class=\"elementor-element elementor-element-faf931b elementor-widget elementor-widget-text-editor\" data-id=\"faf931b\" data-element_type=\"widget\" data-widget_type=\"text-editor.default\">\n\t\t\t\t<div class=\"elementor-widget-container\">\n\t\t\t<style>\/*! elementor - v3.9.2 - 21-12-2022 *\/\n.elementor-widget-text-editor.elementor-drop-cap-view-stacked .elementor-drop-cap{background-color:#818a91;color:#fff}.elementor-widget-text-editor.elementor-drop-cap-view-framed .elementor-drop-cap{color:#818a91;border:3px solid;background-color:transparent}.elementor-widget-text-editor:not(.elementor-drop-cap-view-default) .elementor-drop-cap{margin-top:8px}.elementor-widget-text-editor:not(.elementor-drop-cap-view-default) .elementor-drop-cap-letter{width:1em;height:1em}.elementor-widget-text-editor .elementor-drop-cap{float:left;text-align:center;line-height:1;font-size:50px}.elementor-widget-text-editor .elementor-drop-cap-letter{display:inline-block}<\/style>\t\t\t\t<!-- wp:paragraph {\"align\":\"center\"} -->\n<p class=\"has-text-align-center\"><strong>R\u00dcFENE YAPI ENERJ\u0130 SAN. T\u0130C. LTD. \u015eT\u0130.<\/strong><br \/><strong>Adres : <\/strong>Ayd\u0131nlar Mah. \u00dcz\u00fcml\u00fc Sok. No:331 \u00c7ekmek\u00f6y \/ \u0130STANBUL<br \/><strong>Tel : <\/strong><a href=\"tel:0216 484 57 01\" data-type=\"tel\" data-id=\"tel:0216 484 57 01\">0216 484 57 01<\/a><br \/><strong>E-Mail :<\/strong> <a href=\"mailto:info@rufene.com.tr\">info@rufene.com.tr<\/a><\/p>\n<!-- \/wp:paragraph --><!-- wp:table \/-->\t\t\t\t\t\t<\/div>\n\t\t\t\t<\/div>\n\t\t\t\t\t<\/div>\n\t\t<\/div>\n\t\t\t\t\t\t\t<\/div>\n\t\t<\/section>\n\t\t\t\t<section class=\"elementor-section elementor-top-section elementor-element elementor-element-8ad25a3 elementor-section-full_width elementor-section-content-middle elementor-section-height-default elementor-section-height-default\" data-id=\"8ad25a3\" data-element_type=\"section\">\n\t\t\t\t\t\t<div class=\"elementor-container elementor-column-gap-default\">\n\t\t\t\t\t<div class=\"elementor-column elementor-col-33 elementor-top-column elementor-element elementor-element-13f0139\" data-id=\"13f0139\" data-element_type=\"column\">\n\t\t\t<div class=\"elementor-widget-wrap elementor-element-populated\">\n\t\t\t\t\t\t\t\t<div class=\"elementor-element elementor-element-40721db elementor-widget elementor-widget-image\" data-id=\"40721db\" data-element_type=\"widget\" data-widget_type=\"image.default\">\n\t\t\t\t<div class=\"elementor-widget-container\">\n\t\t\t<style>\/*! elementor - v3.9.2 - 21-12-2022 *\/\n.elementor-widget-image{text-align:center}.elementor-widget-image a{display:inline-block}.elementor-widget-image a img[src$=\".svg\"]{width:48px}.elementor-widget-image img{vertical-align:middle;display:inline-block}<\/style>\t\t\t\t\t\t\t\t\t\t\t\t\t<a href=\"https:\/\/pro-house.com.tr\" target=\"_blank\">\n\t\t\t\t\t\t\t<img loading=\"lazy\" decoding=\"async\" width=\"325\" height=\"167\" src=\"https:\/\/rufene.com.tr\/wp-content\/uploads\/2022\/12\/pro-house-logo.png\" class=\"attachment-large size-large wp-image-15\" alt=\"\" srcset=\"https:\/\/rufene.com.tr\/wp-content\/uploads\/2022\/12\/pro-house-logo.png 325w, https:\/\/rufene.com.tr\/wp-content\/uploads\/2022\/12\/pro-house-logo-300x154.png 300w\" sizes=\"auto, (max-width: 325px) 100vw, 325px\" \/>\t\t\t\t\t\t\t\t<\/a>\n\t\t\t\t\t\t\t\t\t\t\t\t\t\t\t<\/div>\n\t\t\t\t<\/div>\n\t\t\t\t\t<\/div>\n\t\t<\/div>\n\t\t\t\t<div class=\"elementor-column elementor-col-33 elementor-top-column elementor-element elementor-element-7af17d9\" data-id=\"7af17d9\" data-element_type=\"column\">\n\t\t\t<div class=\"elementor-widget-wrap elementor-element-populated\">\n\t\t\t\t\t\t\t\t<div class=\"elementor-element elementor-element-83fe94f elementor-widget elementor-widget-image\" data-id=\"83fe94f\" data-element_type=\"widget\" data-widget_type=\"image.default\">\n\t\t\t\t<div class=\"elementor-widget-container\">\n\t\t\t\t\t\t\t\t\t\t\t\t\t\t\t\t<a href=\"https:\/\/profabrik.com.tr\" target=\"_blank\">\n\t\t\t\t\t\t\t<img loading=\"lazy\" decoding=\"async\" width=\"400\" height=\"110\" src=\"https:\/\/rufene.com.tr\/wp-content\/uploads\/2022\/12\/logo2.webp\" class=\"attachment-large size-large wp-image-26\" alt=\"\" srcset=\"https:\/\/rufene.com.tr\/wp-content\/uploads\/2022\/12\/logo2.webp 400w, https:\/\/rufene.com.tr\/wp-content\/uploads\/2022\/12\/logo2-300x83.webp 300w\" sizes=\"auto, (max-width: 400px) 100vw, 400px\" \/>\t\t\t\t\t\t\t\t<\/a>\n\t\t\t\t\t\t\t\t\t\t\t\t\t\t\t<\/div>\n\t\t\t\t<\/div>\n\t\t\t\t\t<\/div>\n\t\t<\/div>\n\t\t\t\t<div class=\"elementor-column elementor-col-33 elementor-top-column elementor-element elementor-element-fab5eef\" data-id=\"fab5eef\" data-element_type=\"column\">\n\t\t\t<div class=\"elementor-widget-wrap elementor-element-populated\">\n\t\t\t\t\t\t\t\t<div class=\"elementor-element elementor-element-14a1d21 elementor-widget elementor-widget-image\" data-id=\"14a1d21\" data-element_type=\"widget\" data-widget_type=\"image.default\">\n\t\t\t\t<div class=\"elementor-widget-container\">\n\t\t\t\t\t\t\t\t\t\t\t\t\t\t\t\t<a href=\"https:\/\/prosolar.com.tr\/\" target=\"_blank\">\n\t\t\t\t\t\t\t<img loading=\"lazy\" decoding=\"async\" width=\"340\" height=\"156\" src=\"https:\/\/rufene.com.tr\/wp-content\/uploads\/2023\/03\/zxcv.png\" class=\"attachment-large size-large wp-image-37\" alt=\"\" srcset=\"https:\/\/rufene.com.tr\/wp-content\/uploads\/2023\/03\/zxcv.png 340w, https:\/\/rufene.com.tr\/wp-content\/uploads\/2023\/03\/zxcv-300x138.png 300w\" sizes=\"auto, (max-width: 340px) 100vw, 340px\" \/>\t\t\t\t\t\t\t\t<\/a>\n\t\t\t\t\t\t\t\t\t\t\t\t\t\t\t<\/div>\n\t\t\t\t<\/div>\n\t\t\t\t\t<\/div>\n\t\t<\/div>\n\t\t\t\t\t\t\t<\/div>\n\t\t<\/section>\n\t\t\t\t\t\t\t<\/div>\n\t\t","protected":false},"excerpt":{"rendered":"<p>R\u00dcFENE YAPI ENERJ\u0130 SAN. T\u0130C. LTD. \u015eT\u0130.Adres : Ayd\u0131nlar Mah. \u00dcz\u00fcml\u00fc Sok. No:331 \u00c7ekmek\u00f6y \/ \u0130STANBULTel : 0216 484 57 01E-Mail : info@rufene.com.tr<\/p>\n","protected":false},"author":1,"featured_media":0,"parent":0,"menu_order":0,"comment_status":"closed","ping_status":"open","template":"","meta":{"hide_page_title":"","_coblocks_attr":"","_coblocks_dimensions":"","_coblocks_responsive_height":"","_coblocks_accordion_ie_support":"","footnotes":""},"class_list":["post-2","page","type-page","status-publish","hentry"],"_links":{"self":[{"href":"https:\/\/rufene.com.tr\/index.php\/wp-json\/wp\/v2\/pages\/2","targetHints":{"allow":["GET"]}}],"collection":[{"href":"https:\/\/rufene.com.tr\/index.php\/wp-json\/wp\/v2\/pages"}],"about":[{"href":"https:\/\/rufene.com.tr\/index.php\/wp-json\/wp\/v2\/types\/page"}],"author":[{"embeddable":true,"href":"https:\/\/rufene.com.tr\/index.php\/wp-json\/wp\/v2\/users\/1"}],"replies":[{"embeddable":true,"href":"https:\/\/rufene.com.tr\/index.php\/wp-json\/wp\/v2\/comments?post=2"}],"version-history":[{"count":32,"href":"https:\/\/rufene.com.tr\/index.php\/wp-json\/wp\/v2\/pages\/2\/revisions"}],"predecessor-version":[{"id":52,"href":"https:\/\/rufene.com.tr\/index.php\/wp-json\/wp\/v2\/pages\/2\/revisions\/52"}],"wp:attachment":[{"href":"https:\/\/rufene.com.tr\/index.php\/wp-json\/wp\/v2\/media?parent=2"}],"curies":[{"name":"wp","href":"https:\/\/api.w.org\/{rel}","templated":true}]}}